{"id":67190,"date":"2025-03-06T04:48:26","date_gmt":"2025-03-06T03:48:26","guid":{"rendered":"https:\/\/justcallmevan.com\/?page_id=67190"},"modified":"2026-02-04T15:29:21","modified_gmt":"2026-02-04T14:29:21","slug":"stima","status":"publish","type":"page","link":"https:\/\/justcallmevan.com\/it\/stima\/","title":{"rendered":"Stima"},"content":{"rendered":"<div data-elementor-type=\"wp-page\" data-elementor-id=\"67190\" class=\"elementor elementor-67190\" data-elementor-post-type=\"page\">\n\t\t\t\t<div class=\"elementor-element elementor-element-fd6f5ef e-flex e-con-boxed sc_layouts_column_icons_position_left e-con e-parent\" data-id=\"fd6f5ef\" data-element_type=\"container\" data-e-type=\"container\">\n\t\t\t\t\t<div class=\"e-con-inner\">\n\t\t\t\t<div class=\"elementor-element elementor-element-47d4e09 sc_fly_static elementor-widget elementor-widget-trx_sc_title\" data-id=\"47d4e09\" data-element_type=\"widget\" data-e-type=\"widget\" data-widget_type=\"trx_sc_title.default\">\n\t\t\t\t<div class=\"elementor-widget-container\">\n\t\t\t\t\t<div\t\tclass=\"sc_title sc_title_default\" ><span class=\"sc_item_subtitle sc_title_subtitle sc_item_subtitle_above sc_item_title_style_default sc_item_subtitle_with_custom_color trx_addons_inline_1794784051\">La tua prenotazione<\/span><h2 class=\"sc_item_title sc_title_title sc_item_title_style_default\"\n\t\t\t><span class=\"sc_item_title_text\">Prenota direttamente tramite WhatsApp, email o telefonata<\/span><\/h2><div class=\"sc_item_descr sc_title_descr\"><p>Prenota facilmente tramite WhatsApp, e-mail o telefono e lascia che un rappresentante del servizio clienti dedicato ti assista personalmente per garantire un&#039;esperienza di prenotazione personalizzata e senza stress.<\/p>\n<\/div><\/div>\t\t\t\t<\/div>\n\t\t\t\t<\/div>\n\t\t<div class=\"elementor-element elementor-element-9799025 e-flex e-con-boxed sc_layouts_column_icons_position_left e-con e-child\" data-id=\"9799025\" data-element_type=\"container\" data-e-type=\"container\">\n\t\t\t\t\t<div class=\"e-con-inner\">\n\t\t\t\t<div class=\"elementor-element elementor-element-e65f948 sc_fly_static elementor-widget elementor-widget-trx_sc_button\" data-id=\"e65f948\" data-element_type=\"widget\" data-e-type=\"widget\" data-widget_type=\"trx_sc_button.default\">\n\t\t\t\t<div class=\"elementor-widget-container\">\n\t\t\t\t\t<div\tclass=\"sc_item_button sc_button_wrap sc_align_center\" ><a href=\"https:\/\/wa.me\/33680424765\" class=\"sc_button sc_button_default sc_button_size_normal sc_button_with_icon sc_button_icon_right\" target=\"_blank\" ><span class=\"sc_button_icon\"><span class=\"icon-whatsapp\"><\/span><\/span><span class=\"sc_button_text\"><span class=\"sc_button_title\">Prenota su WhatsApp<\/span><\/span><\/a><\/div>\t\t\t\t<\/div>\n\t\t\t\t<\/div>\n\t\t\t\t<div class=\"elementor-element elementor-element-bdba4d0 sc_fly_static elementor-widget elementor-widget-trx_sc_button\" data-id=\"bdba4d0\" data-element_type=\"widget\" data-e-type=\"widget\" data-widget_type=\"trx_sc_button.default\">\n\t\t\t\t<div class=\"elementor-widget-container\">\n\t\t\t\t\t<div\tclass=\"sc_item_button sc_button_wrap sc_align_center\" ><a href=\"mailto:contact@justcallmevan.com\" class=\"sc_button sc_button_default sc_button_size_normal sc_button_with_icon sc_button_icon_right\" target=\"_blank\" ><span class=\"sc_button_icon\"><span class=\"icon-email\"><\/span><\/span><span class=\"sc_button_text\"><span class=\"sc_button_title\">Prenota via email<\/span><\/span><\/a><\/div>\t\t\t\t<\/div>\n\t\t\t\t<\/div>\n\t\t\t\t<div class=\"elementor-element elementor-element-6216d80 sc_fly_static elementor-widget elementor-widget-trx_sc_button\" data-id=\"6216d80\" data-element_type=\"widget\" data-e-type=\"widget\" data-widget_type=\"trx_sc_button.default\">\n\t\t\t\t<div class=\"elementor-widget-container\">\n\t\t\t\t\t<div\tclass=\"sc_item_button sc_button_wrap sc_align_center\" ><a href=\"tel:+33%206%2080%2042%2047%2065\" class=\"sc_button sc_button_default sc_button_size_normal sc_button_with_icon sc_button_icon_right\" target=\"_blank\" ><span class=\"sc_button_icon\"><span class=\"icon-phone-call\"><\/span><\/span><span class=\"sc_button_text\"><span class=\"sc_button_title\">Chiamaci<\/span><\/span><\/a><\/div>\t\t\t\t<\/div>\n\t\t\t\t<\/div>\n\t\t\t\t\t<\/div>\n\t\t\t\t<\/div>\n\t\t\t\t\t<\/div>\n\t\t\t\t<\/div>\n\t\t<div class=\"elementor-element elementor-element-3b75155 e-flex e-con-boxed sc_layouts_column_icons_position_left e-con e-parent\" data-id=\"3b75155\" data-element_type=\"container\" data-e-type=\"container\" data-settings=\"{&quot;background_background&quot;:&quot;classic&quot;}\">\n\t\t\t\t\t<div class=\"e-con-inner\">\n\t\t\t\t<div class=\"elementor-element elementor-element-cdfae19 sc_fly_static elementor-widget elementor-widget-trx_sc_title\" data-id=\"cdfae19\" data-element_type=\"widget\" data-e-type=\"widget\" data-widget_type=\"trx_sc_title.default\">\n\t\t\t\t<div class=\"elementor-widget-container\">\n\t\t\t\t\t<div\t\tclass=\"sc_title sc_title_default\" ><span class=\"sc_item_subtitle sc_title_subtitle sc_item_subtitle_above sc_item_title_style_default sc_item_subtitle_with_custom_color trx_addons_inline_5339721\">Il tuo preventivo<\/span><h1 class=\"sc_item_title sc_title_title sc_item_title_style_default sc_item_title_tag trx_addons_inline_1203227059\"\n\t\t\t><span class=\"sc_item_title_text\">Ottieni il tuo preventivo personalizzato<\/span><\/h1><div class=\"sc_item_descr sc_title_descr sc_item_descr_with_custom_color trx_addons_inline_1105800737\"><p>Noi di Justcallmevan sappiamo che ogni viaggio di lusso deve essere perfettamente personalizzato in base alle tue esigenze. Che tu stia pianificando un viaggio di lavoro, una gita in famiglia o un evento speciale, il nostro servizio di preventivo ti consente di ottenere rapidamente un preventivo personalizzato per un trasporto di lusso a Parigi.<\/p>\n<\/div><\/div>\t\t\t\t<\/div>\n\t\t\t\t<\/div>\n\t\t\t\t<div class=\"elementor-element elementor-element-0873c98 scheme_sea-default sc_fly_static elementor-widget elementor-widget-shortcode\" data-id=\"0873c98\" data-element_type=\"widget\" data-e-type=\"widget\" data-widget_type=\"shortcode.default\">\n\t\t\t\t<div class=\"elementor-widget-container\">\n\t\t\t\t\t\t\t<div class=\"elementor-shortcode\"><div class='fluentform ff-default fluentform_wrapper_7 ffs_default_wrap'><form data-form_id=\"7\" id=\"fluentform_7\" class=\"frm-fluent-form fluent_form_7 ff-el-form-top ff_form_instance_7_1 ff-form-loading ffs_default\" data-form_instance=\"ff_form_instance_7_1\" method=\"POST\" action=\"\" ><fieldset  style=\"border: none!important;margin: 0!important;padding: 0!important;background-color: transparent!important;box-shadow: none!important;outline: none!important; min-inline-size: 100%;\">\n                    <legend class=\"ff_screen_reader_title\" style=\"display: block; margin: 0!important;padding: 0!important;height: 0!important;text-indent: -999999px;width: 0!important;overflow:hidden;\">Modulo vuoto (#7)<\/legend>        <div\n                style=\"display: none!important; position: absolute!important; transform: translateX(1000%)!important;\"\n                class=\"ff-el-group ff-hpsf-container\"\n        >\n            <div class=\"ff-el-input--label asterisk-right\">\n                <label for=\"ff_7_item_sf\" aria-label=\"Contatto\">\n                    Contatto                <\/label>\n            <\/div>\n            <div class=\"ff-el-input--content\">\n                <input type=\"text\"\n                       name=\"item_7__fluent_sf\"\n                       class=\"ff-el-form-control\"\n                       id=\"ff_7_item_sf\"\n                \/>\n            <\/div>\n        <\/div>\n        <input type='hidden' name='__fluent_form_embded_post_id' value='67190' \/><input type=\"hidden\" id=\"_fluentform_7_fluentformnonce\" name=\"_fluentform_7_fluentformnonce\" value=\"597818ef9b\" \/><input type=\"hidden\" name=\"_wp_http_referer\" value=\"\/it\/wp-json\/wp\/v2\/pages\/67190\" \/><div class='ff-el-group'><div class=\"ff-el-input--label ff-el-is-required asterisk-right\"><label for='ff_7_dropdown' id='label_ff_7_dropdown' aria-label=\"Tipo di servizio\">Tipo di servizio<\/label><\/div><div class='ff-el-input--content'><select name=\"dropdown\" id=\"ff_7_dropdown\" class=\"ff-el-form-control\" data-name=\"dropdown\" data-calc_value=\"0\"  aria-invalid=\"false\" aria-required=\"true\" aria-labelledby=\"label_ff_7_dropdown\"><option value=\"\">Scegli il servizio desiderato<\/option><option value=\"Mise \u00e0 Disposition\"  >Reso disponibile<\/option><option value=\"Transfert A\u00e9roport\"  >Trasferimento aeroportuale<\/option><option value=\"Transfet Gare\"  >Trasferimento stazione<\/option><\/select><\/div><\/div><div class='ff-el-group'><div class=\"ff-el-input--label ff-el-is-required asterisk-right\"><label for='ff_7_datetime' id='label_ff_7_datetime' aria-label=\"Data di ritiro\">Data di ritiro<\/label><\/div><div class='ff-el-input--content'><input  aria-label='Supporto Data Utilizza i tasti freccia per navigare tra le date. Premere Invio per selezionare una data.'  aria-haspopup='dialog' data-type-datepicker data-format='d\/m\/Y' type=\"text\" name=\"datetime\" id=\"ff_7_datetime\" class=\"ff-el-form-control ff-el-datepicker\" data-name=\"datetime\"  aria-invalid='false' aria-required=\"true\"><\/div><\/div><div data-type=\"name-element\" data-name=\"names\" class=\"ff-field_container ff-name-field-wrapper\" ><div class='ff-t-container'><div class='ff-t-cell'><div class='ff-el-group ff-el-form-top'><div class=\"ff-el-input--label ff-el-is-required asterisk-right\"><label for='ff_7_names_first_name_' id='label_ff_7_names_first_name_' >Nome e cognome<\/label><\/div><div class='ff-el-input--content'><input type=\"text\" name=\"names[first_name]\" id=\"ff_7_names_first_name_\" class=\"ff-el-form-control\" placeholder=\"Inserisci il tuo nome completo\" aria-invalid=\"false\" aria-required=\"true\"><\/div><\/div><\/div><\/div><\/div><div class='ff-el-group'><div class=\"ff-el-input--label ff-el-is-required asterisk-right\"><label for='ff_7_phone' id='label_ff_7_phone' aria-label=\"Numero di telefono\">Numero di telefono<\/label><\/div><div class='ff-el-input--content'><input name=\"phone\" class=\"ff-el-form-control ff-el-phone ff_el_with_extended_validation\" type=\"tel\" placeholder=\"Numero di telefono\" data-name=\"phone\" id=\"ff_7_phone\" inputmode=\"tel\"  aria-invalid='false' aria-required=\"true\"><\/div><\/div><div class='ff-el-group'><div class=\"ff-el-input--label ff-el-is-required asterisk-right\"><label for='ff_7_email' id='label_ff_7_email' aria-label=\"E-mail\">E-mail<\/label><\/div><div class='ff-el-input--content'><input type=\"email\" name=\"email\" id=\"ff_7_email\" class=\"ff-el-form-control\" placeholder=\"Indirizzo e-mail\" data-name=\"email\"  aria-invalid=\"false\" aria-required=\"true\"><\/div><\/div><div data-type=\"name-element\" data-name=\"names_1\" class=\"ff-field_container ff-name-field-wrapper\" ><div class='ff-t-container'><div class='ff-t-cell'><div class='ff-el-group ff-el-form-top'><div class=\"ff-el-input--label asterisk-right\"><label for='ff_7_names_1_first_name_' id='label_ff_7_names_1_first_name_' >Nome dell&#039;azienda (facoltativo)<\/label><\/div><div class='ff-el-input--content'><input type=\"text\" name=\"names_1[first_name]\" id=\"ff_7_names_1_first_name_\" class=\"ff-el-form-control\" placeholder=\"Inserisci il nome della tua azienda\" aria-invalid=\"false\" aria-required=\"false\"><\/div><\/div><\/div><\/div><\/div><div class='ff-el-group'><div class=\"ff-el-input--label asterisk-right\"><label for='ff_7_description' id='label_ff_7_description' aria-label=\"Richiesta specifica\">Richiesta specifica<\/label><\/div><div class='ff-el-input--content'><textarea aria-required=\"false\" aria-labelledby=\"label_ff_7_description\" name=\"description\" id=\"ff_7_description\" class=\"ff-el-form-control\" rows=\"3\" cols=\"2\" data-name=\"description\" ><\/textarea><\/div><\/div><div class='ff-el-group    ff-el-input--content'><div class='ff-el-form-check ff-el-tc'><label aria-label='Termini e condizioni: Inviando questo modulo accetti la nostra Informativa sulla privacy Contiene 1 link. Utilizzare la navigazione tramite schede per rivedere.' class='ff-el-form-check-label ff_tc_label' for=\"terms-n-condition_f1f1a1b597f197f5ff2142164e22e66d\"> <div class='ff_t_c'><p>Inviando questo modulo accetti i nostri\u00a0<a href=\"https:\/\/justcallmevan.com\/it\/politica-sulla-riservatezza-2\/\">politica sulla riservatezza<\/a><\/p><\/div><\/label><\/div><\/div><div class='ff-el-group' ><div class='ff-el-input--content'><div data-fluent_id='7' name='g-recaptcha-response'><div\n\t\tdata-sitekey='6LeFr_EqAAAAAMK-GEmXrcrSKb9E9rcKcAXj8fmE'\n\t\tid='fluentform-recaptcha-7-1'\n\t\tclass='ff-el-recaptcha g-recaptcha'\n\t\tdata-callback='fluentFormrecaptchaSuccessCallback'><\/div><\/div><\/div><\/div><div class='ff-el-group ff-text-left ff_submit_btn_wrapper'><button type=\"submit\" class=\"ff-btn ff-btn-submit ff-btn-md ff_btn_style\"  aria-label=\"Invia richiesta\">Invia richiesta<\/button><\/div><\/fieldset><input type=\"hidden\" name=\"trp-form-language\" value=\"it\"\/><\/form><div id='fluentform_7_errors' class='ff-errors-in-stack ff_form_instance_7_1 ff-form-loading_errors ff_form_instance_7_1_errors'><\/div><\/div>            <script type=\"text\/javascript\">\n                window.fluent_form_ff_form_instance_7_1 = {\"id\":\"7\",\"settings\":{\"layout\":{\"labelPlacement\":\"top\",\"asteriskPlacement\":\"asterisk-right\",\"helpMessagePlacement\":\"with_label\",\"errorMessagePlacement\":\"inline\",\"cssClassName\":\"\"},\"restrictions\":{\"denyEmptySubmission\":{\"enabled\":false}}},\"form_instance\":\"ff_form_instance_7_1\",\"form_id_selector\":\"fluentform_7\",\"rules\":{\"dropdown\":{\"required\":{\"value\":true,\"message\":\"Ce champ est obligatoire\",\"global_message\":\"Ce champ est obligatoire\",\"global\":true}},\"datetime\":{\"required\":{\"value\":true,\"message\":\"Ce champ est obligatoire\",\"global_message\":\"Ce champ est obligatoire\",\"global\":true}},\"names[first_name]\":{\"required\":{\"value\":true,\"message\":\"Ce champ est obligatoire\",\"global_message\":\"Ce champ est obligatoire\",\"global\":true}},\"names[middle_name]\":{\"required\":{\"value\":false,\"message\":\"Ce champ est obligatoire\",\"global_message\":\"Ce champ est obligatoire\",\"global\":true}},\"names[last_name]\":{\"required\":{\"value\":false,\"message\":\"Ce champ est obligatoire\",\"global_message\":\"Ce champ est obligatoire\",\"global\":true}},\"phone\":{\"required\":{\"value\":true,\"global\":false,\"message\":\"Veuillez Saisir un num\\u00e9ro de t\\u00e9l\\u00e9phone valide\",\"global_message\":\"Ce champ est obligatoire\"},\"valid_phone_number\":{\"value\":true,\"global\":true,\"message\":\"Phone number is not valid\",\"global_message\":\"Phone number is not valid\"}},\"email\":{\"required\":{\"value\":true,\"message\":\"Ce champ est obligatoire\",\"global_message\":\"Ce champ est obligatoire\",\"global\":true},\"email\":{\"value\":true,\"message\":\"Ce champ doit contenir un e-mail valide\",\"global_message\":\"Ce champ doit contenir un e-mail valide\",\"global\":true}},\"names_1[first_name]\":{\"required\":{\"value\":false,\"message\":\"Ce champ est obligatoire\",\"global_message\":\"Ce champ est obligatoire\",\"global\":true}},\"names_1[middle_name]\":{\"required\":{\"value\":false,\"message\":\"Ce champ est obligatoire\",\"global_message\":\"Ce champ est obligatoire\",\"global\":true}},\"names_1[last_name]\":{\"required\":{\"value\":false,\"message\":\"Ce champ est obligatoire\",\"global_message\":\"Ce champ est obligatoire\",\"global\":true}},\"description\":{\"required\":{\"value\":false,\"message\":\"Ce champ est obligatoire\",\"global_message\":\"Ce champ est obligatoire\",\"global\":true}},\"terms-n-condition\":{\"required\":{\"value\":false,\"message\":\"Ce champ est obligatoire\",\"global_message\":\"Ce champ est obligatoire\",\"global\":true}}},\"debounce_time\":300};\n                            <\/script>\n            <\/div>\n\t\t\t\t\t\t<\/div>\n\t\t\t\t<\/div>\n\t\t\t\t\t<\/div>\n\t\t\t\t<\/div>\n\t\t\t\t<\/div>","protected":false},"excerpt":{"rendered":"<p>Votre r\u00e9servation R\u00e9servez directement via WhatsApp, e-mail ou Appel t\u00e9l\u00e9phonique R\u00e9servez facilement via WhatsApp, e-mail ou appel t\u00e9l\u00e9phonique et laissez un responsable service client d\u00e9di\u00e9 vous accompagner personnellement pour garantir une exp\u00e9rience&hellip;<\/p>","protected":false},"author":1,"featured_media":0,"parent":0,"menu_order":0,"comment_status":"closed","ping_status":"closed","template":"","meta":{"_acf_changed":false,"footnotes":""},"class_list":["post-67190","page","type-page","status-publish","hentry"],"acf":[],"_links":{"self":[{"href":"https:\/\/justcallmevan.com\/it\/wp-json\/wp\/v2\/pages\/67190","targetHints":{"allow":["GET"]}}],"collection":[{"href":"https:\/\/justcallmevan.com\/it\/wp-json\/wp\/v2\/pages"}],"about":[{"href":"https:\/\/justcallmevan.com\/it\/wp-json\/wp\/v2\/types\/page"}],"author":[{"embeddable":true,"href":"https:\/\/justcallmevan.com\/it\/wp-json\/wp\/v2\/users\/1"}],"replies":[{"embeddable":true,"href":"https:\/\/justcallmevan.com\/it\/wp-json\/wp\/v2\/comments?post=67190"}],"version-history":[{"count":39,"href":"https:\/\/justcallmevan.com\/it\/wp-json\/wp\/v2\/pages\/67190\/revisions"}],"predecessor-version":[{"id":67736,"href":"https:\/\/justcallmevan.com\/it\/wp-json\/wp\/v2\/pages\/67190\/revisions\/67736"}],"wp:attachment":[{"href":"https:\/\/justcallmevan.com\/it\/wp-json\/wp\/v2\/media?parent=67190"}],"curies":[{"name":"wp","href":"https:\/\/api.w.org\/{rel}","templated":true}]}}