{"id":4190,"date":"2024-03-28T13:14:56","date_gmt":"2024-03-28T13:14:56","guid":{"rendered":"https:\/\/justcallmevan.com\/?page_id=4190"},"modified":"2025-02-23T02:26:59","modified_gmt":"2025-02-23T01:26:59","slug":"%e6%88%91%e4%bb%ac%e7%9a%84%e5%8c%85%e8%a3%b9","status":"publish","type":"page","link":"https:\/\/justcallmevan.com\/zh\/%e6%88%91%e4%bb%ac%e7%9a%84%e5%8c%85%e8%a3%b9\/","title":{"rendered":"\u6211\u4eec\u7684\u5305"},"content":{"rendered":"<div data-elementor-type=\"wp-page\" data-elementor-id=\"4190\" class=\"elementor elementor-4190\" data-elementor-post-type=\"page\">\n\t\t\t\t<div class=\"elementor-element elementor-element-6283058 e-flex e-con-boxed sc_layouts_column_icons_position_left e-con e-parent\" data-id=\"6283058\" data-element_type=\"container\" data-e-type=\"container\">\n\t\t\t\t\t<div class=\"e-con-inner\">\n\t\t\t\t<div class=\"elementor-element elementor-element-67d214f scheme_dark-alter sc_fly_static elementor-widget elementor-widget-trx_sc_services\" data-id=\"67d214f\" data-element_type=\"widget\" data-e-type=\"widget\" data-widget_type=\"trx_sc_services.default\">\n\t\t\t\t<div class=\"elementor-widget-container\">\n\t\t\t\t\t<div class=\"sc_services scheme_dark-alter sc_services_qw-stylish sc_services_featured_top\"><span class=\"sc_item_subtitle sc_services_subtitle sc_item_subtitle_above sc_item_title_style_default sc_item_subtitle_with_custom_color trx_addons_inline_190210398\">\u6211\u4eec\u7684\u5305\u88c5<\/span><h1 class=\"sc_item_title sc_services_title sc_item_title_style_default sc_item_title_tag trx_addons_inline_2062619147\"\n\t\t\t><span class=\"sc_item_title_text\">\u53d1\u73b0\u6211\u4eec\u7684\u5957\u88c5<\/span><\/h1><div class=\"sc_item_descr sc_services_descr\"><p>\u4e3a\u60a8\u8bbe\u8ba1\u7684\u5957\u88c5<\/p>\n<\/div><div class=\"sc_services_columns_wrap sc_item_columns sc_item_posts_container sc_item_columns_4 trx_addons_columns_wrap columns_padding_bottom columns_in_single_row\"><div class=\"trx_addons_column-1_4\"><div data-post-id=\"66401\" class=\"sc_services_item sc_item_container post_container with_more with_content with_image sc_services_item_featured_none post-66401 nos_packs type-nos_packs status-publish has-post-thumbnail hentry\">\n\t\t<div class=\"sc_services_item_content\" style=\"background-image: url(https:\/\/justcallmevan.com\/wp-content\/uploads\/2025\/02\/16-840x628.jpg);\">\n\t\t\t\t<div class=\"sc_services_item_content_inner\"><div class=\"sc_services_item_content_inner_bottom\"><div class=\"sc_services_item_info_wrap\">\n                    <div class=\"sc_services_item_title_wrap\"><h4 class=\"sc_services_item_title\"><a href=\"https:\/\/justcallmevan.com\/zh\/our_packs\/%e5%95%86%e5%8a%a1%e5%8c%85\/\">\u5546\u52a1\u5305<\/a><\/h4>\n                        <\/div><div class=\"sc_services_item_button sc_item_button\">\n                        <a href=\"https:\/\/justcallmevan.com\/zh\/our_packs\/%e5%95%86%e5%8a%a1%e5%8c%85\/\" class=\"sc_services_item_more_link\">\n                            <span class=\"link_text\">\u53d1\u73b0<\/span><span class=\"link_icon\"><\/span>\n                        <\/a>\n                        <\/div><\/div><div class=\"sc_services_item_text\"><\/div><\/div><\/div><a class=\"sc_services_item_link\" href=\"https:\/\/justcallmevan.com\/zh\/our_packs\/%e5%95%86%e5%8a%a1%e5%8c%85\/\"><\/a><\/div><\/div><\/div><div class=\"trx_addons_column-1_4\"><div data-post-id=\"66425\" class=\"sc_services_item sc_item_container post_container with_more with_content with_image sc_services_item_featured_none post-66425 nos_packs type-nos_packs status-publish has-post-thumbnail hentry\">\n\t\t<div class=\"sc_services_item_content\" style=\"background-image: url(https:\/\/justcallmevan.com\/wp-content\/uploads\/2025\/02\/evv-840x628.jpg);\">\n\t\t\t\t<div class=\"sc_services_item_content_inner\"><div class=\"sc_services_item_content_inner_bottom\"><div class=\"sc_services_item_info_wrap\">\n                    <div class=\"sc_services_item_title_wrap\"><h4 class=\"sc_services_item_title\"><a href=\"https:\/\/justcallmevan.com\/zh\/our_packs\/%e6%b4%bb%e5%8a%a8%e5%8c%85\/\">\u6d3b\u52a8\u5305<\/a><\/h4>\n                        <\/div><div class=\"sc_services_item_button sc_item_button\">\n                        <a href=\"https:\/\/justcallmevan.com\/zh\/our_packs\/%e6%b4%bb%e5%8a%a8%e5%8c%85\/\" class=\"sc_services_item_more_link\">\n                            <span class=\"link_text\">\u53d1\u73b0<\/span><span class=\"link_icon\"><\/span>\n                        <\/a>\n                        <\/div><\/div><div class=\"sc_services_item_text\"><\/div><\/div><\/div><a class=\"sc_services_item_link\" href=\"https:\/\/justcallmevan.com\/zh\/our_packs\/%e6%b4%bb%e5%8a%a8%e5%8c%85\/\"><\/a><\/div><\/div><\/div><div class=\"trx_addons_column-1_4\"><div data-post-id=\"66429\" class=\"sc_services_item sc_item_container post_container with_more with_content with_image sc_services_item_featured_none post-66429 nos_packs type-nos_packs status-publish has-post-thumbnail hentry\">\n\t\t<div class=\"sc_services_item_content\" style=\"background-image: url(https:\/\/justcallmevan.com\/wp-content\/uploads\/2025\/02\/airport-cover-840x653.webp);\">\n\t\t\t\t<div class=\"sc_services_item_content_inner\"><div class=\"sc_services_item_content_inner_bottom\"><div class=\"sc_services_item_info_wrap\">\n                    <div class=\"sc_services_item_title_wrap\"><h4 class=\"sc_services_item_title\"><a href=\"https:\/\/justcallmevan.com\/zh\/our_packs\/pack-aeroport\/\">\u673a\u573a\u5305<\/a><\/h4>\n                        <\/div><div class=\"sc_services_item_button sc_item_button\">\n                        <a href=\"https:\/\/justcallmevan.com\/zh\/our_packs\/pack-aeroport\/\" class=\"sc_services_item_more_link\">\n                            <span class=\"link_text\">\u53d1\u73b0<\/span><span class=\"link_icon\"><\/span>\n                        <\/a>\n                        <\/div><\/div><div class=\"sc_services_item_text\"><\/div><\/div><\/div><a class=\"sc_services_item_link\" href=\"https:\/\/justcallmevan.com\/zh\/our_packs\/pack-aeroport\/\"><\/a><\/div><\/div><\/div><div class=\"trx_addons_column-1_4\"><div data-post-id=\"66430\" class=\"sc_services_item sc_item_container post_container with_more with_content with_image sc_services_item_featured_none post-66430 nos_packs type-nos_packs status-publish has-post-thumbnail hentry\">\n\t\t<div class=\"sc_services_item_content\" style=\"background-image: url(https:\/\/justcallmevan.com\/wp-content\/uploads\/2025\/02\/18-840x628.jpg);\">\n\t\t\t\t<div class=\"sc_services_item_content_inner\"><div class=\"sc_services_item_content_inner_bottom\"><div class=\"sc_services_item_info_wrap\">\n                    <div class=\"sc_services_item_title_wrap\"><h4 class=\"sc_services_item_title\"><a href=\"https:\/\/justcallmevan.com\/zh\/our_packs\/%e5%ae%b6%e5%ba%ad%e8%a3%85\/\">\u5bb6\u5ead\u88c5<\/a><\/h4>\n                        <\/div><div class=\"sc_services_item_button sc_item_button\">\n                        <a href=\"https:\/\/justcallmevan.com\/zh\/our_packs\/%e5%ae%b6%e5%ba%ad%e8%a3%85\/\" class=\"sc_services_item_more_link\">\n                            <span class=\"link_text\">\u53d1\u73b0<\/span><span class=\"link_icon\"><\/span>\n                        <\/a>\n                        <\/div><\/div><div class=\"sc_services_item_text\"><\/div><\/div><\/div><a class=\"sc_services_item_link\" href=\"https:\/\/justcallmevan.com\/zh\/our_packs\/%e5%ae%b6%e5%ba%ad%e8%a3%85\/\"><\/a><\/div><\/div><\/div><\/div><\/div>\t\t\t\t<\/div>\n\t\t\t\t<\/div>\n\t\t\t\t\t<\/div>\n\t\t\t\t<\/div>\n\t\t\t\t<\/div>","protected":false},"excerpt":{"rendered":"<p>NOS PACKS D\u00e9couvrez nos Packs Des packs pens\u00e9s pour vous Pack Business D\u00e9couvrir Pack Events D\u00e9couvrir Pack A\u00e9roport D\u00e9couvrir Pack Famille D\u00e9couvrir<\/p>","protected":false},"author":1,"featured_media":0,"parent":0,"menu_order":0,"comment_status":"closed","ping_status":"closed","template":"","meta":{"_acf_changed":false,"footnotes":""},"class_list":["post-4190","page","type-page","status-publish","hentry"],"acf":[],"_links":{"self":[{"href":"https:\/\/justcallmevan.com\/zh\/wp-json\/wp\/v2\/pages\/4190","targetHints":{"allow":["GET"]}}],"collection":[{"href":"https:\/\/justcallmevan.com\/zh\/wp-json\/wp\/v2\/pages"}],"about":[{"href":"https:\/\/justcallmevan.com\/zh\/wp-json\/wp\/v2\/types\/page"}],"author":[{"embeddable":true,"href":"https:\/\/justcallmevan.com\/zh\/wp-json\/wp\/v2\/users\/1"}],"replies":[{"embeddable":true,"href":"https:\/\/justcallmevan.com\/zh\/wp-json\/wp\/v2\/comments?post=4190"}],"version-history":[{"count":0,"href":"https:\/\/justcallmevan.com\/zh\/wp-json\/wp\/v2\/pages\/4190\/revisions"}],"wp:attachment":[{"href":"https:\/\/justcallmevan.com\/zh\/wp-json\/wp\/v2\/media?parent=4190"}],"curies":[{"name":"wp","href":"https:\/\/api.w.org\/{rel}","templated":true}]}}